{"id":800,"date":"2025-12-21T05:37:03","date_gmt":"2025-12-21T05:37:03","guid":{"rendered":"https:\/\/dukkan-sa.net\/home\/"},"modified":"2025-12-25T20:17:04","modified_gmt":"2025-12-25T20:17:04","slug":"home","status":"publish","type":"page","link":"https:\/\/dukkan-sa.net\/fr\/","title":{"rendered":"Accueil"},"content":{"rendered":"<div data-elementor-type=\"wp-page\" data-elementor-id=\"800\" class=\"elementor elementor-800\">\n\t\t\t\t<div class=\"elementor-element elementor-element-e352d3a e-flex e-con-boxed e-con e-parent\" data-id=\"e352d3a\" data-element_type=\"container\" data-settings=\"{&quot;background_background&quot;:&quot;classic&quot;}\">\n\t\t\t\t\t<div class=\"e-con-inner\">\n\t\t<div class=\"elementor-element elementor-element-062838a e-con-full e-flex e-con e-child\" data-id=\"062838a\" data-element_type=\"container\">\n\t\t\t\t<div class=\"elementor-element elementor-element-e2be2a0 elementor-widget elementor-widget-heading\" data-id=\"e2be2a0\" data-element_type=\"widget\" data-widget_type=\"heading.default\">\n\t\t\t\t<div class=\"elementor-widget-container\">\n\t\t\t\t\t<h5 class=\"elementor-heading-title elementor-size-default\">Une Beaut\u00e9 Plus Forte, Un Bien-\u00catre Pour Tous<\/h5>\t\t\t\t<\/div>\n\t\t\t\t<\/div>\n\t\t\t\t<div class=\"elementor-element elementor-element-7ae1773 elementor-widget elementor-widget-hfe-infocard\" data-id=\"7ae1773\" data-element_type=\"widget\" data-widget_type=\"hfe-infocard.default\">\n\t\t\t\t<div class=\"elementor-widget-container\">\n\t\t\t\t\t\n\t\t<div class=\"hfe-infocard\">\n\t\t\t\t\t\t\t\t\t<div class=\"hfe-infocard-title-wrap\">\n\t\t\t\t<h2 class=\"hfe-infocard-title elementor-inline-editing\" data-elementor-setting-key=\"infocard_title\" data-elementor-inline-editing-toolbar=\"basic\" >Des produits de beaut\u00e9 et compl\u00e9ments alimentaires efficaces pour des r\u00e9sultats visibles,<\/h2>\t\t\t<\/div>\n\t\t\t\t\t\t<div class=\"hfe-infocard-text-wrap\">\n\t\t\t\t<div class=\"hfe-infocard-text elementor-inline-editing\" data-elementor-setting-key=\"infocard_description\" data-elementor-inline-editing-toolbar=\"advanced\">\n\t\t\t\t\tDans notre boutique, nous ne vendons pas seulement des produits\u2026 nous offrons des r\u00e9sultats.\nDes soins de beaut\u00e9 soigneusement s\u00e9lectionn\u00e9s et des compl\u00e9ments alimentaires de haute qualit\u00e9 pour am\u00e9liorer votre peau, vos cheveux et votre bien-\u00eatre g\u00e9n\u00e9ral en toute confiance.\n\t\t\t\t<\/div>\n\t\t\t\t\t\t\t<\/div>\n\t\t<\/div>\n\n\t\t\t\t\t\t<\/div>\n\t\t\t\t<\/div>\n\t\t\t\t<div class=\"elementor-element elementor-element-987b217 elementor-align-right elementor-widget elementor-widget-button\" data-id=\"987b217\" data-element_type=\"widget\" data-widget_type=\"button.default\">\n\t\t\t\t<div class=\"elementor-widget-container\">\n\t\t\t\t\t\t\t\t\t<div class=\"elementor-button-wrapper\">\n\t\t\t\t\t<a class=\"elementor-button elementor-button-link elementor-size-sm\" href=\"https:\/\/dukkan-sa.net\/fr\/shop\/\">\n\t\t\t\t\t\t<span class=\"elementor-button-content-wrapper\">\n\t\t\t\t\t\t\t\t\t<span class=\"elementor-button-text\">Profiter des Offres Actuelles<\/span>\n\t\t\t\t\t<\/span>\n\t\t\t\t\t<\/a>\n\t\t\t\t<\/div>\n\t\t\t\t\t\t\t\t<\/div>\n\t\t\t\t<\/div>\n\t\t\t\t<\/div>\n\t\t\t\t\t<\/div>\n\t\t\t\t<\/div>\n\t\t<div class=\"elementor-element elementor-element-b4676ad e-grid e-con-boxed e-con e-parent\" data-id=\"b4676ad\" data-element_type=\"container\">\n\t\t\t\t\t<div class=\"e-con-inner\">\n\t\t\t\t<div class=\"elementor-element elementor-element-8444d19 elementor-view-framed elementor-shape-circle elementor-position-block-start elementor-mobile-position-block-start elementor-widget elementor-widget-icon-box\" data-id=\"8444d19\" data-element_type=\"widget\" data-widget_type=\"icon-box.default\">\n\t\t\t\t<div class=\"elementor-widget-container\">\n\t\t\t\t\t\t\t<div class=\"elementor-icon-box-wrapper\">\n\n\t\t\t\t\t\t<div class=\"elementor-icon-box-icon\">\n\t\t\t\t<span  class=\"elementor-icon\">\n\t\t\t\t<i aria-hidden=\"true\" class=\"far fa-clock\"><\/i>\t\t\t\t<\/span>\n\t\t\t<\/div>\n\t\t\t\n\t\t\t\t\t\t<div class=\"elementor-icon-box-content\">\n\n\t\t\t\t\t\t\t\t\t<h4 class=\"elementor-icon-box-title\">\n\t\t\t\t\t\t<span  >\n\t\t\t\t\t\t\tSupport Client 24\/7\t\t\t\t\t\t<\/span>\n\t\t\t\t\t<\/h4>\n\t\t\t\t\n\t\t\t\t\t\t\t\t\t<p class=\"elementor-icon-box-description\">\n\t\t\t\t\t\tNotre service client est disponible 24h\/24 et 7j\/7 pour vous accompagner.\nNous sommes l\u00e0 pour r\u00e9pondre \u00e0 vos questions et vous assister \u00e0 chaque \u00e9tape, \u00e0 tout moment.\t\t\t\t\t<\/p>\n\t\t\t\t\n\t\t\t<\/div>\n\t\t\t\n\t\t<\/div>\n\t\t\t\t\t\t<\/div>\n\t\t\t\t<\/div>\n\t\t\t\t<div class=\"elementor-element elementor-element-015d9ba elementor-view-framed elementor-shape-circle elementor-position-block-start elementor-mobile-position-block-start elementor-widget elementor-widget-icon-box\" data-id=\"015d9ba\" data-element_type=\"widget\" data-widget_type=\"icon-box.default\">\n\t\t\t\t<div class=\"elementor-widget-container\">\n\t\t\t\t\t\t\t<div class=\"elementor-icon-box-wrapper\">\n\n\t\t\t\t\t\t<div class=\"elementor-icon-box-icon\">\n\t\t\t\t<span  class=\"elementor-icon\">\n\t\t\t\t<i aria-hidden=\"true\" class=\"fas fa-shipping-fast\"><\/i>\t\t\t\t<\/span>\n\t\t\t<\/div>\n\t\t\t\n\t\t\t\t\t\t<div class=\"elementor-icon-box-content\">\n\n\t\t\t\t\t\t\t\t\t<h4 class=\"elementor-icon-box-title\">\n\t\t\t\t\t\t<span  >\n\t\t\t\t\t\t\tLivraison Gratuite\t\t\t\t\t\t<\/span>\n\t\t\t\t\t<\/h4>\n\t\t\t\t\n\t\t\t\t\t\t\t\t\t<p class=\"elementor-icon-box-description\">\n\t\t\t\t\t\tProfitez de la livraison gratuite sur votre commande.\nCommandez vos produits de beaut\u00e9 et compl\u00e9ments alimentaires en toute tranquillit\u00e9, sans frais suppl\u00e9mentaires.\nLe confort et la qualit\u00e9 livr\u00e9s directement chez vous.\t\t\t\t\t<\/p>\n\t\t\t\t\n\t\t\t<\/div>\n\t\t\t\n\t\t<\/div>\n\t\t\t\t\t\t<\/div>\n\t\t\t\t<\/div>\n\t\t\t\t<div class=\"elementor-element elementor-element-b692eb0 elementor-view-framed elementor-shape-circle elementor-position-block-start elementor-mobile-position-block-start elementor-widget elementor-widget-icon-box\" data-id=\"b692eb0\" data-element_type=\"widget\" data-widget_type=\"icon-box.default\">\n\t\t\t\t<div class=\"elementor-widget-container\">\n\t\t\t\t\t\t\t<div class=\"elementor-icon-box-wrapper\">\n\n\t\t\t\t\t\t<div class=\"elementor-icon-box-icon\">\n\t\t\t\t<span  class=\"elementor-icon\">\n\t\t\t\t<i aria-hidden=\"true\" class=\"fas fa-percentage\"><\/i>\t\t\t\t<\/span>\n\t\t\t<\/div>\n\t\t\t\n\t\t\t\t\t\t<div class=\"elementor-icon-box-content\">\n\n\t\t\t\t\t\t\t\t\t<h4 class=\"elementor-icon-box-title\">\n\t\t\t\t\t\t<span  >\n\t\t\t\t\t\t\tSoldes de Saison\t\t\t\t\t\t<\/span>\n\t\t\t\t\t<\/h4>\n\t\t\t\t\n\t\t\t\t\t\t\t\t\t<p class=\"elementor-icon-box-description\">\n\t\t\t\t\t\tProfitez des soldes de saison sur une s\u00e9lection premium de produits de beaut\u00e9 et compl\u00e9ments alimentaires pour femmes et hommes.\nOffres limit\u00e9es, qualit\u00e9 garantie et l\u2019occasion parfaite pour renouveler votre routine beaut\u00e9 &amp; bien-\u00eatre \u00e0 prix r\u00e9duit.\t\t\t\t\t<\/p>\n\t\t\t\t\n\t\t\t<\/div>\n\t\t\t\n\t\t<\/div>\n\t\t\t\t\t\t<\/div>\n\t\t\t\t<\/div>\n\t\t\t\t\t<\/div>\n\t\t\t\t<\/div>\n\t\t<div class=\"elementor-element elementor-element-8591588 e-flex e-con-boxed e-con e-parent\" data-id=\"8591588\" data-element_type=\"container\">\n\t\t\t\t\t<div class=\"e-con-inner\">\n\t\t<div class=\"elementor-element elementor-element-bc81661 e-con-full e-flex e-con e-child\" data-id=\"bc81661\" data-element_type=\"container\">\n\t\t\t\t<div class=\"elementor-element elementor-element-4316f79 elementor-widget elementor-widget-hfe-infocard\" data-id=\"4316f79\" data-element_type=\"widget\" data-widget_type=\"hfe-infocard.default\">\n\t\t\t\t<div class=\"elementor-widget-container\">\n\t\t\t\t\t\n\t\t<div class=\"hfe-infocard\">\n\t\t\t\t\t\t\t\t\t<div class=\"hfe-infocard-title-wrap\">\n\t\t\t\t<h3 class=\"hfe-infocard-title elementor-inline-editing\" data-elementor-setting-key=\"infocard_title\" data-elementor-inline-editing-toolbar=\"basic\" >Produits en Vedette<\/h3>\t\t\t<\/div>\n\t\t\t\t\t\t<div class=\"hfe-infocard-text-wrap\">\n\t\t\t\t<div class=\"hfe-infocard-text elementor-inline-editing\" data-elementor-setting-key=\"infocard_description\" data-elementor-inline-editing-toolbar=\"advanced\">\n\t\t\t\t\tD\u00e9couvrez une s\u00e9lection de nos meilleurs produits, les plus demand\u00e9s et les mieux not\u00e9s par nos clients.\nQualit\u00e9 premium, r\u00e9sultats fiables et produits adapt\u00e9s aux femmes et aux hommes pour la beaut\u00e9 et le bien-\u00eatre.\t\t\t\t<\/div>\n\t\t\t\t\t\t\t<\/div>\n\t\t<\/div>\n\n\t\t\t\t\t\t<\/div>\n\t\t\t\t<\/div>\n\t\t\t\t<div class=\"elementor-element elementor-element-d83b256 elementor-widget elementor-widget-shortcode\" data-id=\"d83b256\" data-element_type=\"widget\" data-widget_type=\"shortcode.default\">\n\t\t\t\t<div class=\"elementor-widget-container\">\n\t\t\t\t\t\t\t<div class=\"elementor-shortcode\"><div class=\"woocommerce columns-4\"><\/div><\/div>\n\t\t\t\t\t\t<\/div>\n\t\t\t\t<\/div>\n\t\t\t\t<\/div>\n\t\t\t\t\t<\/div>\n\t\t\t\t<\/div>\n\t\t<div class=\"elementor-element elementor-element-9372016 e-flex e-con-boxed e-con e-parent\" data-id=\"9372016\" data-element_type=\"container\">\n\t\t\t\t\t<div class=\"e-con-inner\">\n\t\t<div class=\"elementor-element elementor-element-79bfce3 e-con-full e-flex e-con e-child\" data-id=\"79bfce3\" data-element_type=\"container\">\n\t\t\t\t<div class=\"elementor-element elementor-element-4c0600a elementor-widget elementor-widget-heading\" data-id=\"4c0600a\" data-element_type=\"widget\" data-widget_type=\"heading.default\">\n\t\t\t\t<div class=\"elementor-widget-container\">\n\t\t\t\t\t<h2 class=\"elementor-heading-title elementor-size-default\">Conseils et Articles pour Sublimer Votre Beaut\u00e9 et Bien-\u00catre<\/h2>\t\t\t\t<\/div>\n\t\t\t\t<\/div>\n\t\t\t\t<div class=\"elementor-element elementor-element-d4bee10 elementor-widget elementor-widget-text-editor\" data-id=\"d4bee10\" data-element_type=\"widget\" data-widget_type=\"text-editor.default\">\n\t\t\t\t<div class=\"elementor-widget-container\">\n\t\t\t\t\t\t\t\t\t<p class=\"translation-block\">D\u00e9couvrez nos derniers articles et conseils sur la beaut\u00e9, les soins personnels et les compl\u00e9ments alimentaires, pour femmes et hommes.\nApprenez \u00e0 choisir les produits parfaits et commencez votre parcours vers une meilleure apparence et un bien-\u00eatre \u00e9quilibr\u00e9.<\/p>\t\t\t\t\t\t\t\t<\/div>\n\t\t\t\t<\/div>\n\t\t\t\t<div class=\"elementor-element elementor-element-a2a189e elementor-widget elementor-widget-button\" data-id=\"a2a189e\" data-element_type=\"widget\" data-widget_type=\"button.default\">\n\t\t\t\t<div class=\"elementor-widget-container\">\n\t\t\t\t\t\t\t\t\t<div class=\"elementor-button-wrapper\">\n\t\t\t\t\t<a class=\"elementor-button elementor-button-link elementor-size-sm\" href=\"https:\/\/dukkan-sa.net\/fr\/category\/%d9%85%d8%af%d9%88%d9%86%d8%aa%d9%86%d8%a7\/\">\n\t\t\t\t\t\t<span class=\"elementor-button-content-wrapper\">\n\t\t\t\t\t\t\t\t\t<span class=\"elementor-button-text\">Lire les Articles et D\u00e9couvrir Nos Produits<\/span>\n\t\t\t\t\t<\/span>\n\t\t\t\t\t<\/a>\n\t\t\t\t<\/div>\n\t\t\t\t\t\t\t\t<\/div>\n\t\t\t\t<\/div>\n\t\t\t\t<\/div>\n\t\t<div class=\"elementor-element elementor-element-49a5a54 e-con-full e-flex e-con e-child\" data-id=\"49a5a54\" data-element_type=\"container\">\n\t\t\t\t<div class=\"elementor-element elementor-element-4cb1b23 elementor-widget elementor-widget-image\" data-id=\"4cb1b23\" data-element_type=\"widget\" data-widget_type=\"image.default\">\n\t\t\t\t<div class=\"elementor-widget-container\">\n\t\t\t\t\t\t\t\t\t\t\t\t<figure class=\"wp-caption\">\n\t\t\t\t\t\t\t\t\t\t<img fetchpriority=\"high\" decoding=\"async\" width=\"1376\" height=\"768\" src=\"https:\/\/dukkan-sa.net\/wp-content\/uploads\/2025\/12\/boutique_cosmtique_et_complments_alimentaires__likd7vii793sh894o7uu_0.png\" class=\"attachment-1536x1536 size-1536x1536 wp-image-1299\" alt=\"\" srcset=\"https:\/\/dukkan-sa.net\/wp-content\/uploads\/2025\/12\/boutique_cosmtique_et_complments_alimentaires__likd7vii793sh894o7uu_0.png 1376w, https:\/\/dukkan-sa.net\/wp-content\/uploads\/2025\/12\/boutique_cosmtique_et_complments_alimentaires__likd7vii793sh894o7uu_0-300x167.png 300w, https:\/\/dukkan-sa.net\/wp-content\/uploads\/2025\/12\/boutique_cosmtique_et_complments_alimentaires__likd7vii793sh894o7uu_0-1024x572.png 1024w, https:\/\/dukkan-sa.net\/wp-content\/uploads\/2025\/12\/boutique_cosmtique_et_complments_alimentaires__likd7vii793sh894o7uu_0-768x429.png 768w, https:\/\/dukkan-sa.net\/wp-content\/uploads\/2025\/12\/boutique_cosmtique_et_complments_alimentaires__likd7vii793sh894o7uu_0-18x10.png 18w, https:\/\/dukkan-sa.net\/wp-content\/uploads\/2025\/12\/boutique_cosmtique_et_complments_alimentaires__likd7vii793sh894o7uu_0-600x335.png 600w\" sizes=\"(max-width: 1376px) 100vw, 1376px\" \/>\t\t\t\t\t\t\t\t\t\t\t<figcaption class=\"widget-image-caption wp-caption-text\"><\/figcaption>\n\t\t\t\t\t\t\t\t\t\t<\/figure>\n\t\t\t\t\t\t\t\t\t<\/div>\n\t\t\t\t<\/div>\n\t\t\t\t<\/div>\n\t\t\t\t\t<\/div>\n\t\t\t\t<\/div>\n\t\t<div class=\"elementor-element elementor-element-6ef5ce5 e-flex e-con-boxed e-con e-parent\" data-id=\"6ef5ce5\" data-element_type=\"container\">\n\t\t\t\t\t<div class=\"e-con-inner\">\n\t\t<div class=\"elementor-element elementor-element-bd50b74 e-con-full e-flex e-con e-child\" data-id=\"bd50b74\" data-element_type=\"container\">\n\t\t\t\t<div class=\"elementor-element elementor-element-d7ca237 elementor-widget elementor-widget-hfe-infocard\" data-id=\"d7ca237\" data-element_type=\"widget\" data-widget_type=\"hfe-infocard.default\">\n\t\t\t\t<div class=\"elementor-widget-container\">\n\t\t\t\t\t\n\t\t<div class=\"hfe-infocard\">\n\t\t\t\t\t\t\t\t\t<div class=\"hfe-infocard-title-wrap\">\n\t\t\t\t<h3 class=\"hfe-infocard-title elementor-inline-editing\" data-elementor-setting-key=\"infocard_title\" data-elementor-inline-editing-toolbar=\"basic\" >Nouveaux Produits<\/h3>\t\t\t<\/div>\n\t\t\t\t\t\t<div class=\"hfe-infocard-text-wrap\">\n\t\t\t\t<div class=\"hfe-infocard-text elementor-inline-editing\" data-elementor-setting-key=\"infocard_description\" data-elementor-inline-editing-toolbar=\"advanced\">\n\t\t\t\t\tD\u00e9couvrez nos derni\u00e8res nouveaut\u00e9s en produits de beaut\u00e9 et compl\u00e9ments alimentaires.\nDes formules innovantes con\u00e7ues pour r\u00e9pondre aux besoins des femmes et des hommes, pour une exp\u00e9rience beaut\u00e9 &amp; bien-\u00eatre encore plus performante.\t\t\t\t<\/div>\n\t\t\t\t\t\t\t<\/div>\n\t\t<\/div>\n\n\t\t\t\t\t\t<\/div>\n\t\t\t\t<\/div>\n\t\t\t\t<div class=\"elementor-element elementor-element-c3b6e74 elementor-widget elementor-widget-shortcode\" data-id=\"c3b6e74\" data-element_type=\"widget\" data-widget_type=\"shortcode.default\">\n\t\t\t\t<div class=\"elementor-widget-container\">\n\t\t\t\t\t\t\t<div class=\"elementor-shortcode\"><div class=\"woocommerce columns-4\"><\/div><\/div>\n\t\t\t\t\t\t<\/div>\n\t\t\t\t<\/div>\n\t\t\t\t<\/div>\n\t\t\t\t\t<\/div>\n\t\t\t\t<\/div>\n\t\t\t\t<\/div>","protected":false},"excerpt":{"rendered":"<p>\u062c\u0645\u0627\u0644 \u0623\u0642\u0648\u0649\u2026 \u0635\u062d\u0629 \u0623\u0641\u0636\u0644 \u0644\u0644\u062c\u0645\u064a\u0639 \u0645\u0646\u062a\u062c\u0627\u062a \u062a\u062c\u0645\u064a\u0644 \u0648\u0645\u0643\u0645\u0644\u0627\u062a \u063a\u0630\u0627\u0626\u064a\u0629 \u0641\u0639\u0651\u0627\u0644\u0629 \u062a\u0645\u0646\u062d\u0643 \u0646\u062a\u0627\u0626\u062c \u062d\u0642\u064a\u0642\u064a\u0629 \u0641\u064a \u0645\u062a\u062c\u0631\u0646\u0627\u060c \u0644\u0627 \u0646\u0628\u064a\u0639 \u0645\u0646\u062a\u062c\u0627\u062a \u0641\u0642\u0637\u2026 \u0628\u0644 \u0646\u0642\u062f\u0651\u0645 \u0646\u062a\u0627\u0626\u062c. \u0645\u0633\u062a\u062d\u0636\u0631\u0627\u062a \u062a\u062c\u0645\u064a\u0644 \u0645\u062e\u062a\u0627\u0631\u0629 \u0628\u0639\u0646\u0627\u064a\u0629 \u0648\u0645\u0643\u0645\u0644\u0627\u062a \u063a\u0630\u0627\u0626\u064a\u0629 \u0639\u0627\u0644\u064a\u0629 \u0627\u0644\u062c\u0648\u062f\u0629 \u062a\u0633\u0627\u0639\u062f\u0643 \u0639\u0644\u0649 \u062a\u062d\u0633\u064a\u0646 \u0628\u0634\u0631\u062a\u0643\u060c \u0634\u0639\u0631\u0643\u060c \u0648\u0635\u062d\u062a\u0643 \u0627\u0644\u0639\u0627\u0645\u0629 \u0628\u062b\u0642\u0629 \u0648\u0623\u0645\u0627\u0646. \u0627\u0633\u062a\u0641\u062f \u0645\u0646 \u0627\u0644\u0639\u0631\u0648\u0636 \u0627\u0644\u062d\u0627\u0644\u064a\u0629 \u062f\u0639\u0645 \u0645\u062a\u0648\u0627\u0635\u0644 24\/7 \u0641\u0631\u064a\u0642 \u0627\u0644\u062f\u0639\u0645 \u0644\u062f\u064a\u0646\u0627 \u0645\u062a\u0648\u0627\u062c\u062f \u0644\u062e\u062f\u0645\u062a\u0643 \u0639\u0644\u0649 \u0645\u062f\u0627\u0631 \u0627\u0644\u0633\u0627\u0639\u0629\u060c \u0637\u0648\u0627\u0644 [&hellip;]<\/p>","protected":false},"author":1,"featured_media":0,"parent":0,"menu_order":0,"comment_status":"closed","ping_status":"closed","template":"","meta":{"site-sidebar-layout":"no-sidebar","site-content-layout":"page-builder","ast-site-content-layout":"full-width-container","site-content-style":"unboxed","site-sidebar-style":"unboxed","ast-global-header-display":"","ast-banner-title-visibility":"","ast-main-header-display":"","ast-hfb-above-header-display":"","ast-hfb-below-header-display":"","ast-hfb-mobile-header-display":"","site-post-title":"disabled","ast-breadcrumbs-content":"disabled","ast-featured-img":"disabled","footer-sml-layout":"","ast-disable-related-posts":"","theme-transparent-header-meta":"disabled","adv-header-id-meta":"","stick-header-meta":"","header-above-stick-meta":"","header-main-stick-meta":"","header-below-stick-meta":"","astra-migrate-meta-layouts":"set","ast-page-background-enabled":"default","ast-page-background-meta":{"desktop":{"background-color":"","background-image":"","background-repeat":"repeat","background-position":"center center","background-size":"auto","background-attachment":"scroll","background-type":"","background-media":"","overlay-type":"","overlay-color":"","overlay-opacity":"","overlay-gradient":""},"tablet":{"background-color":"","background-image":"","background-repeat":"repeat","background-position":"center center","background-size":"auto","background-attachment":"scroll","background-type":"","background-media":"","overlay-type":"","overlay-color":"","overlay-opacity":"","overlay-gradient":""},"mobile":{"background-color":"","background-image":"","background-repeat":"repeat","background-position":"center center","background-size":"auto","background-attachment":"scroll","background-type":"","background-media":"","overlay-type":"","overlay-color":"","overlay-opacity":"","overlay-gradient":""}},"ast-content-background-meta":{"desktop":{"background-color":"var(--ast-global-color-5)","background-image":"","background-repeat":"repeat","background-position":"center center","background-size":"auto","background-attachment":"scroll","background-type":"","background-media":"","overlay-type":"","overlay-color":"","overlay-opacity":"","overlay-gradient":""},"tablet":{"background-color":"var(--ast-global-color-5)","background-image":"","background-repeat":"repeat","background-position":"center center","background-size":"auto","background-attachment":"scroll","background-type":"","background-media":"","overlay-type":"","overlay-color":"","overlay-opacity":"","overlay-gradient":""},"mobile":{"background-color":"var(--ast-global-color-5)","background-image":"","background-repeat":"repeat","background-position":"center center","background-size":"auto","background-attachment":"scroll","background-type":"","background-media":"","overlay-type":"","overlay-color":"","overlay-opacity":"","overlay-gradient":""}},"footnotes":""},"class_list":["post-800","page","type-page","status-publish","hentry"],"_links":{"self":[{"href":"https:\/\/dukkan-sa.net\/fr\/wp-json\/wp\/v2\/pages\/800","targetHints":{"allow":["GET"]}}],"collection":[{"href":"https:\/\/dukkan-sa.net\/fr\/wp-json\/wp\/v2\/pages"}],"about":[{"href":"https:\/\/dukkan-sa.net\/fr\/wp-json\/wp\/v2\/types\/page"}],"author":[{"embeddable":true,"href":"https:\/\/dukkan-sa.net\/fr\/wp-json\/wp\/v2\/users\/1"}],"replies":[{"embeddable":true,"href":"https:\/\/dukkan-sa.net\/fr\/wp-json\/wp\/v2\/comments?post=800"}],"version-history":[{"count":55,"href":"https:\/\/dukkan-sa.net\/fr\/wp-json\/wp\/v2\/pages\/800\/revisions"}],"predecessor-version":[{"id":1506,"href":"https:\/\/dukkan-sa.net\/fr\/wp-json\/wp\/v2\/pages\/800\/revisions\/1506"}],"wp:attachment":[{"href":"https:\/\/dukkan-sa.net\/fr\/wp-json\/wp\/v2\/media?parent=800"}],"curies":[{"name":"wp","href":"https:\/\/api.w.org\/{rel}","templated":true}]}}